{"id":35,"date":"2023-06-21T20:41:35","date_gmt":"2023-06-21T18:41:35","guid":{"rendered":"https:\/\/materialdatenbank.stoffstrom.org\/?page_id=35"},"modified":"2023-06-21T20:41:36","modified_gmt":"2023-06-21T18:41:36","slug":"impressum","status":"publish","type":"page","link":"https:\/\/materialdatenbank.stoffstrom.org\/en\/impressum\/","title":{"rendered":"Impressum"},"content":{"rendered":"\n<p>Institut f\u00fcr angewandtes&nbsp;<dfn>Stoffstrommanagement<\/dfn>&nbsp;(IfaS)<br>Hochschule Trier, Standort Umwelt-Campus Birkenfeld<br>Postfach 1380<br>D-55761 Birkenfeld<\/p>\n\n\n\n<p>Gesch\u00e4ftsf\u00fchrender Direktor<br>Prof. Dr. Peter Heck<br>Tel.:&nbsp; &nbsp; +49 (0) 6782 \u2013 17 12 21<br>Email:&nbsp;<a>p.heck(at)umwelt-campus.de<\/a><\/p>\n\n\n\n<p>Stellvertretender gesch\u00e4ftsf\u00fchrender Direktor<br>Prof. Dr. Alfons Matheis<br>Tel.:&nbsp; &nbsp; +49 (0) 6782 \u2013 17 11 92<br>Email:&nbsp;<a>a.matheis(at)umwelt-campus.de<\/a><\/p>\n\n\n\n<p>Vertretungsberechtigung:<br>Die Hochschule Trier, Standort Umwelt-Campus Birkenfeld ist eine K\u00f6rperschaft des \u00f6ffentlichen Rechts, welche durch die Pr\u00e4sidentin der Hochschule, Frau Prof. Dr. Dorit Schumann, gesetzlich vertreten wird.<\/p>\n\n\n\n<p>Umsatzsteueridentifikationsnummer:&nbsp; DE 155 681 598<\/p>\n\n\n\n<p>Aufsichtsbeh\u00f6rde:<\/p>\n\n\n\n<p>Ministerium f\u00fcr Wissenschaft und Gesundheit des Landes Rheinland-Pfalz<br>Mittlere Bleiche 61<br>55116 Mainz<\/p>\n\n\n\n<h1 class=\"wp-block-heading\">Hinweise zur Haftung\/ Disclaimer<\/h1>\n\n\n\n<p>Aktualisierung:<br>Das Institut f\u00fcr angewandtes&nbsp;<dfn>Stoffstrommanagement<\/dfn>&nbsp;(IfaS) in Birkenfeld ist bem\u00fcht f\u00fcr die Aktualit\u00e4t und Richtigkeit, aller auf ihrer Domain enthaltenen Informationen, zu sorgen. Eine Haftung oder Garantie f\u00fcr die Aktualit\u00e4t, Richtigkeit und Vollst\u00e4ndigkeit der auf dieser Domain bereitgestellten Informationen und Daten ist jedoch ausgeschlossen.<\/p>\n\n\n\n<p>Der Verfasser dieser Seiten weist darauf hin, dass Links zu externen Anbietern f\u00fchren k\u00f6nnen. F\u00fcr den Inhalt der verlinkten Seiten sind die jeweiligen Autoren verantwortlich. Weiterhin wird keine Verantwortung f\u00fcr die Richtigkeit bzw. Aktualit\u00e4t des Inhaltes, f\u00fcr Rechtm\u00e4\u00dfigkeit oder die Erf\u00fcllung von Urheberrechtsbestimmungen dieser Seiten \u00fcbernommen (gem. \u00a7 5 Teledienstgesetz). Insbesondere macht sich der Verfasser die fremden Inhalte nicht zueigen.<\/p>\n\n\n\n<p>Der Verfasser haftet dem Nutzer nicht f\u00fcr die Richtigkeit die in dieser Domain enthaltenen (Informationen) und Verweise. Eine Haftung f\u00fcr Sch\u00e4den, die durch die Benutzung des Link-Kataloges entstehen k\u00f6nnen, wird nicht \u00fcbernommen.<\/p>\n\n\n\n<p>Der Verfasser distanziert sich ausdr\u00fccklich von eventuell rechtswidrigen Inhalten der verlinkten Seiten; weiterhin werden die Inhalte dieser Seiten nur zum Zeitpunkt der Aufnahme in den Link-Katalog bewertet und sp\u00e4tere \u00c4nderung k\u00f6nnen nicht \u00fcberpr\u00fcft werden.<\/p>\n\n\n\n<p>Marken- oder Urheberrechtsverletzung durch externe Anbieter sind dem Verfasser nicht bekannt. Sollten Sie dennoch eine Verletzung als gegeben ansehen, bitten wir um einen Hinweis und von kostenverursachenden Ma\u00dfnahmen abzusehen.<\/p>\n\n\n\n<p>Die private Nutzung dieser Seiten ist gem. \u00a7 53 UrhG ohne Beschr\u00e4nkung.<\/p>\n\n\n\n<p>Dieser Haftungsausschluss ist Teil des Internetangebotes des IfaS Birkenfeld. Sofern einzelne Formulierungen oder Teile des Textes der geltenden Rechtlage nicht entsprechen sollten, bleiben die \u00fcbrigen Teile dieser Erkl\u00e4rung davon unber\u00fchrt.<\/p>\n\n\n\n<h1 class=\"wp-block-heading\">Copyright<\/h1>\n\n\n\n<p>S\u00e4mtliche auf der Internetpr\u00e4senz ver\u00f6ffentlichten Inhalte sind urheberrechtlich oder durch sonstige Rechte zum Schutz des geistigen Eigentums gesch\u00fctzt. Diese Rechte stehen&nbsp; ausschlie\u00dflich dem Institut f\u00fcr angewandtes&nbsp;<dfn>Stoffstrommanagement<\/dfn>&nbsp;(IfaS) oder seinen Lizenzgebern&nbsp; zu. Ohne vorherige schriftliche Genehmigung von IfaS sind Vervielf\u00e4ltigungen und\/oder Ver\u00f6ffentlichungen der Inhalte insgesamt oder in Teilen unzul\u00e4ssig. Dies&nbsp; gilt f\u00fcr private und insbesondere f\u00fcr kommerzielle&nbsp; Werbung oder Nutzung der Inhalte.<\/p>\n\n\n\n<p>Der Teilnehmer darf Inhalte oder sonstige Ergebnisse von IfaS nur in Ausz\u00fcgen speichern oder drucken, um sie pers\u00f6nlich nicht-kommerziell zu nutzen. Voraussetzung ist, dass die Inhalte selbst, dazugeh\u00f6rige Legenden oder sonstige Quellenangaben nicht gel\u00f6scht oder ver\u00e4ndert&nbsp; werden. Unter den gleichen Voraussetzungen ist eine Weitergabe&nbsp; von Kopien einzelner Meinungen, Postings etc. per E-Mail und gleichzusetzende Kommunikationsmittel an Dritte zul\u00e4ssig. Jedwede weitere Vervielf\u00e4ltigung, Verteilung oder Ver\u00f6ffentlichung von Inhalten ohne vorherige schriftliche Genehmigung durch IfaS ist untersagt.<\/p>\n","protected":false},"excerpt":{"rendered":"<p>Institut f\u00fcr angewandtes&nbsp;Stoffstrommanagement&nbsp;(IfaS)Hochschule Trier, Standort Umwelt-Campus BirkenfeldPostfach 1380D-55761 Birkenfeld Gesch\u00e4ftsf\u00fchrender DirektorProf. Dr. Peter HeckTel.:&nbsp; &nbsp; +49 (0) 6782 \u2013 17 12 21Email:&nbsp;p.heck(at)umwelt-campus.de Stellvertretender gesch\u00e4ftsf\u00fchrender DirektorProf. Dr. Alfons MatheisTel.:&nbsp; &nbsp; +49 (0) 6782 \u2013 17 11 92Email:&nbsp;a.matheis(at)umwelt-campus.de Vertretungsberechtigung:Die Hochschule Trier, Standort Umwelt-Campus Birkenfeld ist eine K\u00f6rperschaft des \u00f6ffentlichen Rechts, welche durch die Pr\u00e4sidentin der Hochschule, Frau [&hellip;]<\/p>\n","protected":false},"author":1,"featured_media":0,"parent":0,"menu_order":0,"comment_status":"closed","ping_status":"closed","template":"","meta":{"_uag_custom_page_level_css":"","site-sidebar-layout":"default","site-content-layout":"","ast-site-content-layout":"default","site-content-style":"default","site-sidebar-style":"default","ast-global-header-display":"","ast-banner-title-visibility":"","ast-main-header-display":"","ast-hfb-above-header-display":"","ast-hfb-below-header-display":"","ast-hfb-mobile-header-display":"","site-post-title":"","ast-breadcrumbs-content":"","ast-featured-img":"","footer-sml-layout":"","ast-disable-related-posts":"","theme-transparent-header-meta":"","adv-header-id-meta":"","stick-header-meta":"","header-above-stick-meta":"","header-main-stick-meta":"","header-below-stick-meta":"","astra-migrate-meta-layouts":"default","ast-page-background-enabled":"default","ast-page-background-meta":{"desktop":{"background-color":"var(--ast-global-color-4)","background-image":"","background-repeat":"repeat","background-position":"center center","background-size":"auto","background-attachment":"scroll","background-type":"","background-media":"","overlay-type":"","overlay-color":"","overlay-opacity":"","overlay-gradient":""},"tablet":{"background-color":"","background-image":"","background-repeat":"repeat","background-position":"center center","background-size":"auto","background-attachment":"scroll","background-type":"","background-media":"","overlay-type":"","overlay-color":"","overlay-opacity":"","overlay-gradient":""},"mobile":{"background-color":"","background-image":"","background-repeat":"repeat","background-position":"center center","background-size":"auto","background-attachment":"scroll","background-type":"","background-media":"","overlay-type":"","overlay-color":"","overlay-opacity":"","overlay-gradient":""}},"ast-content-background-meta":{"desktop":{"background-color":"var(--ast-global-color-5)","background-image":"","background-repeat":"repeat","background-position":"center center","background-size":"auto","background-attachment":"scroll","background-type":"","background-media":"","overlay-type":"","overlay-color":"","overlay-opacity":"","overlay-gradient":""},"tablet":{"background-color":"var(--ast-global-color-5)","background-image":"","background-repeat":"repeat","background-position":"center center","background-size":"auto","background-attachment":"scroll","background-type":"","background-media":"","overlay-type":"","overlay-color":"","overlay-opacity":"","overlay-gradient":""},"mobile":{"background-color":"var(--ast-global-color-5)","background-image":"","background-repeat":"repeat","background-position":"center center","background-size":"auto","background-attachment":"scroll","background-type":"","background-media":"","overlay-type":"","overlay-color":"","overlay-opacity":"","overlay-gradient":""}},"footnotes":""},"class_list":["post-35","page","type-page","status-publish","hentry"],"uagb_featured_image_src":{"full":false,"thumbnail":false,"medium":false,"medium_large":false,"large":false,"1536x1536":false,"2048x2048":false},"uagb_author_info":{"display_name":"mdbadmin","author_link":"https:\/\/materialdatenbank.stoffstrom.org\/en\/author\/mdbadmin\/"},"uagb_comment_info":0,"uagb_excerpt":"Institut f\u00fcr angewandtes&nbsp;Stoffstrommanagement&nbsp;(IfaS)Hochschule Trier, Standort Umwelt-Campus BirkenfeldPostfach 1380D-55761 Birkenfeld Gesch\u00e4ftsf\u00fchrender DirektorProf. Dr. Peter HeckTel.:&nbsp; &nbsp; +49 (0) 6782 \u2013 17 12 21Email:&nbsp;p.heck(at)umwelt-campus.de Stellvertretender gesch\u00e4ftsf\u00fchrender DirektorProf. Dr. Alfons MatheisTel.:&nbsp; &nbsp; +49 (0) 6782 \u2013 17 11 92Email:&nbsp;a.matheis(at)umwelt-campus.de Vertretungsberechtigung:Die Hochschule Trier, Standort Umwelt-Campus Birkenfeld ist eine K\u00f6rperschaft des \u00f6ffentlichen Rechts, welche durch die Pr\u00e4sidentin der Hochschule, Frau&hellip;","_links":{"self":[{"href":"https:\/\/materialdatenbank.stoffstrom.org\/en\/wp-json\/wp\/v2\/pages\/35","targetHints":{"allow":["GET"]}}],"collection":[{"href":"https:\/\/materialdatenbank.stoffstrom.org\/en\/wp-json\/wp\/v2\/pages"}],"about":[{"href":"https:\/\/materialdatenbank.stoffstrom.org\/en\/wp-json\/wp\/v2\/types\/page"}],"author":[{"embeddable":true,"href":"https:\/\/materialdatenbank.stoffstrom.org\/en\/wp-json\/wp\/v2\/users\/1"}],"replies":[{"embeddable":true,"href":"https:\/\/materialdatenbank.stoffstrom.org\/en\/wp-json\/wp\/v2\/comments?post=35"}],"version-history":[{"count":1,"href":"https:\/\/materialdatenbank.stoffstrom.org\/en\/wp-json\/wp\/v2\/pages\/35\/revisions"}],"predecessor-version":[{"id":36,"href":"https:\/\/materialdatenbank.stoffstrom.org\/en\/wp-json\/wp\/v2\/pages\/35\/revisions\/36"}],"wp:attachment":[{"href":"https:\/\/materialdatenbank.stoffstrom.org\/en\/wp-json\/wp\/v2\/media?parent=35"}],"curies":[{"name":"wp","href":"https:\/\/api.w.org\/{rel}","templated":true}]}}